{"id":15781,"date":"2021-05-08T10:37:51","date_gmt":"2021-05-08T08:37:51","guid":{"rendered":"http:\/\/neu.haus-rosenhof.at\/?page_id=15781"},"modified":"2021-08-11T16:06:44","modified_gmt":"2021-08-11T14:06:44","slug":"imprint","status":"publish","type":"page","link":"https:\/\/haus-rosenhof.at\/en\/imprint\/","title":{"rendered":"Imprint"},"content":{"rendered":"<section class=\"brando_row_1619785367-2-25\" style=\"background-color:#f5f5f5;\"><div class=\"container\"><div class=\"row\"><div class=\"wpb_column brando-column-container  position-relative  vc_col-md-1 col-xs-mobile-fullwidth\" data-front-class=\"brando-column-container  position-relative col-xs-mobile-fullwidth front-column-class\"><div class=\"vc-column-innner-wrapper\"><div class=\"wpd-innner-wrapper\"><div class=\"bg-fast-pink separator-line-medium-thick no-margin-lr margin-eighteen-all sm-margin-eight-all sm-no-margin-lr sm-no-margin-top\"><\/div>\n<\/div><\/div><\/div><div class=\"wpb_column brando-column-container  position-relative  vc_col-md-11 col-xs-mobile-fullwidth\" data-front-class=\"brando-column-container  position-relative col-xs-mobile-fullwidth front-column-class\"><div class=\"vc-column-innner-wrapper\"><div class=\"wpd-innner-wrapper\"><div class=\"brando_text_1619280204-2-11 margin-seven-bottom xs-margin-twelve-bottom\"><p><span class=\"title-extra-large dark-gray-text font-weight-600 letter-spacing-3 alt-font text-uppercase xs-title-medium\">Impressum<\/span><\/p>\n<\/div><div class=\"brando_inner_row_1620380388-2-78 brando-inner-row-class\"><div class=\"wpb_column brando-column-container  vc_col-sm-12 col-xs-mobile-fullwidth\" data-front-class=\"brando-column-container  col-xs-mobile-fullwidth\"><div class=\"vc-column-innner-wrapper\"><div class=\"wpd-innner-wrapper\"><p><strong>Landhaus Rosenhof<\/strong><br \/>\nY.F.L.J. Alpenimmobilien GmbH<br \/>\nK\u00fchtrainstra\u00dfe 16<br \/>\nA-6450 S\u00f6lden<br \/>\n+49 173 7217644<br \/>\nkurt.becker@y-f-l-j.com<\/p>\n<p><strong>Bildquellen<\/strong><br \/>\nAlle Bilder sind Eigentum von Landhaus Rosenhof oder stehen frei zum kommerziellen Gebrauch zur Verf\u00fcgung.<\/p>\n<p><strong>Haftung<\/strong><br \/>\nS\u00e4mtliche Texte auf dieser Homepage wurden sorgf\u00e4ltig gepr\u00fcft. Dessen ungeachtet kann keine Garantie f\u00fcr die Richtigkeit, Vollst\u00e4ndigkeit und Aktualit\u00e4t der Angaben \u00fcbernommen werden. Eine Haftung von Landhaus Rosenhof wird daher ausgeschlossen.<\/p>\n<p><strong>Hinweise<\/strong><br \/>\nAus rechtlichen Gr\u00fcnden m\u00fcssen wir darauf hinweisen, dass wir auf den Inhalt verlinkter Seiten nicht immer Einfluss nehmen k\u00f6nnen und daher daf\u00fcr nicht verantwortlich sind! S\u00e4mtliche personenbezogenen Daten, die durch Formulare auf dieser Seite eingegeben werden, werden von uns nur zum daf\u00fcr vorgesehenen Zweck verwendet und auf Wunsch gel\u00f6scht.<\/p>\n<p><strong>AGBs<\/strong><br \/>\nHier finden Sie die vollst\u00e4ndigen AGBs zum <a href=\"http:\/\/neu.haus-rosenhof.at\/uploads\/2021\/05\/AGB_Rosenhof.pdf\" download=\"\">Download<\/a>.<\/p>\n<\/div><\/div><\/div><\/div><\/div><\/div><\/div><\/div><\/div><\/section>","protected":false},"excerpt":{"rendered":"<p>Impressum Landhaus Rosenhof Y.F.L.J. Alpenimmobilien GmbH K\u00fchtrainstra\u00dfe 16 A-6450 S\u00f6lden +49 173 7217644 kurt.becker@y-f-l-j.com Bildquellen Alle Bilder sind Eigentum von Landhaus Rosenhof oder stehen frei zum kommerziellen Gebrauch zur Verf\u00fcgung. Haftung S\u00e4mtliche Texte auf dieser Homepage wurden sorgf\u00e4ltig gepr\u00fcft. Dessen ungeachtet kann keine Garantie f\u00fcr die Richtigkeit, Vollst\u00e4ndigkeit und Aktualit\u00e4t der Angaben \u00fcbernommen werden. Eine [&hellip;]<\/p>\n","protected":false},"author":2,"featured_media":0,"parent":0,"menu_order":0,"comment_status":"closed","ping_status":"closed","template":"","meta":{"footnotes":""},"class_list":["post-15781","page","type-page","status-publish","hentry"],"_links":{"self":[{"href":"https:\/\/haus-rosenhof.at\/en\/wp-json\/wp\/v2\/pages\/15781","targetHints":{"allow":["GET"]}}],"collection":[{"href":"https:\/\/haus-rosenhof.at\/en\/wp-json\/wp\/v2\/pages"}],"about":[{"href":"https:\/\/haus-rosenhof.at\/en\/wp-json\/wp\/v2\/types\/page"}],"author":[{"embeddable":true,"href":"https:\/\/haus-rosenhof.at\/en\/wp-json\/wp\/v2\/users\/2"}],"replies":[{"embeddable":true,"href":"https:\/\/haus-rosenhof.at\/en\/wp-json\/wp\/v2\/comments?post=15781"}],"version-history":[{"count":3,"href":"https:\/\/haus-rosenhof.at\/en\/wp-json\/wp\/v2\/pages\/15781\/revisions"}],"predecessor-version":[{"id":15849,"href":"https:\/\/haus-rosenhof.at\/en\/wp-json\/wp\/v2\/pages\/15781\/revisions\/15849"}],"wp:attachment":[{"href":"https:\/\/haus-rosenhof.at\/en\/wp-json\/wp\/v2\/media?parent=15781"}],"curies":[{"name":"wp","href":"https:\/\/api.w.org\/{rel}","templated":true}]}}